{"id":175,"date":"2021-04-23T06:51:47","date_gmt":"2021-04-23T06:51:47","guid":{"rendered":"https:\/\/hiserca.com\/?page_id=175"},"modified":"2021-04-23T06:51:47","modified_gmt":"2021-04-23T06:51:47","slug":"analiticas-depuracion","status":"publish","type":"page","link":"https:\/\/hiserca.com\/?page_id=175","title":{"rendered":"Anal\u00edticas Depuraci\u00f3n"},"content":{"rendered":"\n<p><strong>Anal\u00edticas Depuradora Cazorla 2021<\/strong><\/p>\n\n\n\n<div class=\"wp-block-file\"><a href=\"https:\/\/hiserca.com\/wp-content\/uploads\/2021\/04\/AR-Cazorla-23-03-21.pdf\">AR-Cazorla-23-03-21<\/a><a href=\"https:\/\/hiserca.com\/wp-content\/uploads\/2021\/04\/AR-Cazorla-23-03-21.pdf\" class=\"wp-block-file__button\" download>Descarga<\/a><\/div>\n\n\n\n<div class=\"wp-block-file\"><a href=\"https:\/\/hiserca.com\/wp-content\/uploads\/2021\/04\/AR-Cazorla-24-02-21.pdf\">AR-Cazorla-24-02-21<\/a><a href=\"https:\/\/hiserca.com\/wp-content\/uploads\/2021\/04\/AR-Cazorla-24-02-21.pdf\" class=\"wp-block-file__button\" download>Descarga<\/a><\/div>\n\n\n\n<div class=\"wp-block-file\"><a href=\"https:\/\/hiserca.com\/wp-content\/uploads\/2021\/04\/AR-Cazorla-26-01-21.pdf\">AR-Cazorla-26-01-21<\/a><a href=\"https:\/\/hiserca.com\/wp-content\/uploads\/2021\/04\/AR-Cazorla-26-01-21.pdf\" class=\"wp-block-file__button\" download>Descarga<\/a><\/div>\n\n\n\n<p><strong>Anal\u00edticas Depuradora Cazorla 2020<\/strong><\/p>\n\n\n\n<div class=\"wp-block-file\"><a href=\"https:\/\/hiserca.com\/wp-content\/uploads\/2021\/04\/Depuradora-Cazorla-21-01-20.pdf\">Depuradora-Cazorla-21-01-20<\/a><a href=\"https:\/\/hiserca.com\/wp-content\/uploads\/2021\/04\/Depuradora-Cazorla-21-01-20.pdf\" class=\"wp-block-file__button\" download>Descarga<\/a><\/div>\n\n\n\n<div class=\"wp-block-file\"><a href=\"https:\/\/hiserca.com\/wp-content\/uploads\/2021\/04\/24-02-20.pdf\">24-02-20<\/a><a href=\"https:\/\/hiserca.com\/wp-content\/uploads\/2021\/04\/24-02-20.pdf\" class=\"wp-block-file__button\" download>Descarga<\/a><\/div>\n\n\n\n<div class=\"wp-block-file\"><a href=\"https:\/\/hiserca.com\/wp-content\/uploads\/2021\/04\/cazorla-150420.pdf\">cazorla-150420<\/a><a href=\"https:\/\/hiserca.com\/wp-content\/uploads\/2021\/04\/cazorla-150420.pdf\" class=\"wp-block-file__button\" download>Descarga<\/a><\/div>\n\n\n\n<div class=\"wp-block-file\"><a href=\"https:\/\/hiserca.com\/wp-content\/uploads\/2021\/04\/Depuradora-Cazorla-27-05-20.pdf\">Depuradora-Cazorla-27-05-20<\/a><a href=\"https:\/\/hiserca.com\/wp-content\/uploads\/2021\/04\/Depuradora-Cazorla-27-05-20.pdf\" class=\"wp-block-file__button\" download>Descarga<\/a><\/div>\n\n\n\n<div class=\"wp-block-file\"><a href=\"https:\/\/hiserca.com\/wp-content\/uploads\/2021\/04\/Dep.-Cazorla-20-411-JULIO.pdf\">Dep.-Cazorla-20-411-JULIO<\/a><a href=\"https:\/\/hiserca.com\/wp-content\/uploads\/2021\/04\/Dep.-Cazorla-20-411-JULIO.pdf\" class=\"wp-block-file__button\" download>Descarga<\/a><\/div>\n\n\n\n<div class=\"wp-block-file\"><a href=\"https:\/\/hiserca.com\/wp-content\/uploads\/2021\/04\/Depuradoral-Cazorla-31-08-20.pdf\">Depuradoral-Cazorla-31-08-20<\/a><a href=\"https:\/\/hiserca.com\/wp-content\/uploads\/2021\/04\/Depuradoral-Cazorla-31-08-20.pdf\" class=\"wp-block-file__button\" download>Descarga<\/a><\/div>\n\n\n\n<div class=\"wp-block-file\"><a href=\"https:\/\/hiserca.com\/wp-content\/uploads\/2021\/04\/Depuradora-Cazorla-28-09-20.pdf\">Depuradora-Cazorla-28-09-20<\/a><a href=\"https:\/\/hiserca.com\/wp-content\/uploads\/2021\/04\/Depuradora-Cazorla-28-09-20.pdf\" class=\"wp-block-file__button\" download>Descarga<\/a><\/div>\n\n\n\n<div class=\"wp-block-file\"><a href=\"https:\/\/hiserca.com\/wp-content\/uploads\/2021\/04\/Depuradora-Cazorla-27-10-20-EDAR-CAZORLA-OCTUBRE.pdf\">Depuradora-Cazorla-27-10-20-EDAR-CAZORLA-OCTUBRE<\/a><a href=\"https:\/\/hiserca.com\/wp-content\/uploads\/2021\/04\/Depuradora-Cazorla-27-10-20-EDAR-CAZORLA-OCTUBRE.pdf\" class=\"wp-block-file__button\" download>Descarga<\/a><\/div>\n\n\n\n<div class=\"wp-block-file\"><a href=\"https:\/\/hiserca.com\/wp-content\/uploads\/2021\/04\/20-676-Residual-Cazorla-noviembre.pdf\">20-676-Residual-Cazorla-noviembre<\/a><a href=\"https:\/\/hiserca.com\/wp-content\/uploads\/2021\/04\/20-676-Residual-Cazorla-noviembre.pdf\" class=\"wp-block-file__button\" download>Descarga<\/a><\/div>\n\n\n\n<div class=\"wp-block-file\"><a href=\"https:\/\/hiserca.com\/wp-content\/uploads\/2021\/04\/20-709-Cazorla-29-12-20-EDAR-CAZORLA.pdf\">20-709-Cazorla-29-12-20-EDAR-CAZORLA<\/a><a href=\"https:\/\/hiserca.com\/wp-content\/uploads\/2021\/04\/20-709-Cazorla-29-12-20-EDAR-CAZORLA.pdf\" class=\"wp-block-file__button\" download>Descarga<\/a><\/div>\n\n\n\n<p><strong>Anal\u00edticas Depuraci\u00f3n El Molar<\/strong><\/p>\n\n\n\n<div class=\"wp-block-file\"><a href=\"https:\/\/hiserca.com\/wp-content\/uploads\/2021\/04\/Residual-El-MOlar-25-06-20.pdf\">Residual-El-MOlar-25-06-20<\/a><a href=\"https:\/\/hiserca.com\/wp-content\/uploads\/2021\/04\/Residual-El-MOlar-25-06-20.pdf\" class=\"wp-block-file__button\" download>Descarga<\/a><\/div>\n\n\n\n<p><\/p>\n","protected":false},"excerpt":{"rendered":"<p>Anal\u00edticas Depuradora Cazorla 2021 Anal\u00edticas Depuradora Cazorla 2020 Anal\u00edticas Depuraci\u00f3n El Molar<\/p>\n","protected":false},"author":2,"featured_media":0,"parent":0,"menu_order":0,"comment_status":"closed","ping_status":"closed","template":"","meta":{"footnotes":""},"class_list":["post-175","page","type-page","status-publish","hentry"],"_links":{"self":[{"href":"https:\/\/hiserca.com\/index.php?rest_route=\/wp\/v2\/pages\/175","targetHints":{"allow":["GET"]}}],"collection":[{"href":"https:\/\/hiserca.com\/index.php?rest_route=\/wp\/v2\/pages"}],"about":[{"href":"https:\/\/hiserca.com\/index.php?rest_route=\/wp\/v2\/types\/page"}],"author":[{"embeddable":true,"href":"https:\/\/hiserca.com\/index.php?rest_route=\/wp\/v2\/users\/2"}],"replies":[{"embeddable":true,"href":"https:\/\/hiserca.com\/index.php?rest_route=%2Fwp%2Fv2%2Fcomments&post=175"}],"version-history":[{"count":1,"href":"https:\/\/hiserca.com\/index.php?rest_route=\/wp\/v2\/pages\/175\/revisions"}],"predecessor-version":[{"id":190,"href":"https:\/\/hiserca.com\/index.php?rest_route=\/wp\/v2\/pages\/175\/revisions\/190"}],"wp:attachment":[{"href":"https:\/\/hiserca.com\/index.php?rest_route=%2Fwp%2Fv2%2Fmedia&parent=175"}],"curies":[{"name":"wp","href":"https:\/\/api.w.org\/{rel}","templated":true}]}}