{"id":57,"date":"2020-09-07T08:53:18","date_gmt":"2020-09-07T08:53:18","guid":{"rendered":"http:\/\/hiserca.com\/?page_id=57"},"modified":"2020-09-08T06:10:14","modified_gmt":"2020-09-08T06:10:14","slug":"consejo-de-administracion","status":"publish","type":"page","link":"https:\/\/hiserca.com\/?page_id=57","title":{"rendered":"Consejo de Administraci\u00f3n"},"content":{"rendered":"\n<p>La sociedad se regir\u00e1 por los siguientes \u00f3rganos sociales.<\/p>\n\n\n\n<p>a) La Junta General.<\/p>\n\n\n\n<p>b) El Consejo de Administraci\u00f3n.<\/p>\n\n\n\n<p>c) La Gerencia.<\/p>\n\n\n\n<p><em>LA JUNTA GENERAL<\/em><\/p>\n\n\n\n<p><em>Art\u00edculo 9.&nbsp;<\/em>COMPOSICI\u00d3N.<\/p>\n\n\n\n<p>El Pleno del Excmo. Ayuntamiento de Cazorla, constituido en Junta General de la sociedad, es el \u00f3rgano soberano de la sociedad.<\/p>\n\n\n\n<p>La Junta General estar\u00e1 presidida por el\/la Alcalde\/Alcaldesa, y a la misma asistir\u00e1n, con voz pero sin voto, el\/la Secretario\/a, el\/la Interventor\/a y el\/la Directora\/a Gerente.<\/p>\n\n\n\n<p>Actuar\u00e1 de Secretario\/a el\/la de la Corporaci\u00f3n Municipal, o en quien legalmente delegue, que al igual que el\/la Interventor\/a de Fondos, o quien legalmente delegue, asistir\u00e1n a las sesiones con voz pero sin voto.<\/p>\n\n\n\n<p>El Consejo de Administraci\u00f3n est\u00e1 formado por Presidente y cuatro vocales:<\/p>\n\n\n\n<p>Presidente: Antonio Jos\u00e9 Rodr\u00edguez Vi\u00f1as<\/p>\n\n\n\n<p>Vocales: Nuria Serrano V\u00e1zquez<\/p>\n\n\n\n<p>&nbsp;&nbsp;&nbsp;&nbsp;&nbsp;&nbsp;&nbsp;&nbsp;&nbsp;&nbsp;&nbsp;&nbsp;&nbsp;&nbsp;&nbsp; &nbsp;Jos\u00e9 Luis Olivares Melero<\/p>\n\n\n\n<p>&nbsp;&nbsp;&nbsp;&nbsp;&nbsp;&nbsp;&nbsp;&nbsp;&nbsp;&nbsp;&nbsp;&nbsp;&nbsp;&nbsp;&nbsp; &nbsp; David G\u00f3mez Olivares<\/p>\n\n\n\n<p>&nbsp;&nbsp;&nbsp;&nbsp;&nbsp;&nbsp;&nbsp;&nbsp;&nbsp;&nbsp;&nbsp;&nbsp;&nbsp;&nbsp;&nbsp; &nbsp; M\u00aa Dolores Ros Almir\u00f3n.<\/p>\n\n\n\n<p>El capital social es de 61.000\u20ac.<\/p>\n\n\n\n<figure class=\"wp-block-image size-large\"><img loading=\"lazy\" decoding=\"async\" width=\"768\" height=\"1024\" src=\"https:\/\/hiserca.com\/wp-content\/uploads\/2020\/09\/WhatsApp-Image-2020-09-03-at-12.55.07-768x1024.jpeg\" alt=\"\" class=\"wp-image-76\" srcset=\"https:\/\/hiserca.com\/wp-content\/uploads\/2020\/09\/WhatsApp-Image-2020-09-03-at-12.55.07-768x1024.jpeg 768w, https:\/\/hiserca.com\/wp-content\/uploads\/2020\/09\/WhatsApp-Image-2020-09-03-at-12.55.07-225x300.jpeg 225w, https:\/\/hiserca.com\/wp-content\/uploads\/2020\/09\/WhatsApp-Image-2020-09-03-at-12.55.07-1152x1536.jpeg 1152w, https:\/\/hiserca.com\/wp-content\/uploads\/2020\/09\/WhatsApp-Image-2020-09-03-at-12.55.07.jpeg 1200w\" sizes=\"auto, (max-width: 768px) 100vw, 768px\" \/><figcaption>Depuradora de Aguas.<\/figcaption><\/figure>\n\n\n\n<figure class=\"wp-block-image size-large\"><img loading=\"lazy\" decoding=\"async\" width=\"1024\" height=\"768\" src=\"https:\/\/hiserca.com\/wp-content\/uploads\/2020\/09\/WhatsApp-Image-2020-09-03-at-12.47.12-1024x768.jpeg\" alt=\"\" class=\"wp-image-77\" srcset=\"https:\/\/hiserca.com\/wp-content\/uploads\/2020\/09\/WhatsApp-Image-2020-09-03-at-12.47.12-1024x768.jpeg 1024w, https:\/\/hiserca.com\/wp-content\/uploads\/2020\/09\/WhatsApp-Image-2020-09-03-at-12.47.12-300x225.jpeg 300w, https:\/\/hiserca.com\/wp-content\/uploads\/2020\/09\/WhatsApp-Image-2020-09-03-at-12.47.12-768x576.jpeg 768w, https:\/\/hiserca.com\/wp-content\/uploads\/2020\/09\/WhatsApp-Image-2020-09-03-at-12.47.12-1536x1152.jpeg 1536w, https:\/\/hiserca.com\/wp-content\/uploads\/2020\/09\/WhatsApp-Image-2020-09-03-at-12.47.12.jpeg 1600w\" sizes=\"auto, (max-width: 1024px) 100vw, 1024px\" \/><figcaption>EDAR El Molar.<\/figcaption><\/figure>\n","protected":false},"excerpt":{"rendered":"<p>La sociedad se regir\u00e1 por los siguientes \u00f3rganos sociales. a) La Junta General. b) El Consejo de Administraci\u00f3n. c) La Gerencia. LA JUNTA GENERAL Art\u00edculo 9.&nbsp;COMPOSICI\u00d3N. El Pleno del Excmo. Ayuntamiento de Cazorla, constituido en Junta General de la sociedad, es el \u00f3rgano soberano de la sociedad. La Junta General estar\u00e1 presidida por el\/la Alcalde\/Alcaldesa, [&hellip;]<\/p>\n","protected":false},"author":2,"featured_media":0,"parent":0,"menu_order":0,"comment_status":"closed","ping_status":"closed","template":"","meta":{"footnotes":""},"class_list":["post-57","page","type-page","status-publish","hentry"],"_links":{"self":[{"href":"https:\/\/hiserca.com\/index.php?rest_route=\/wp\/v2\/pages\/57","targetHints":{"allow":["GET"]}}],"collection":[{"href":"https:\/\/hiserca.com\/index.php?rest_route=\/wp\/v2\/pages"}],"about":[{"href":"https:\/\/hiserca.com\/index.php?rest_route=\/wp\/v2\/types\/page"}],"author":[{"embeddable":true,"href":"https:\/\/hiserca.com\/index.php?rest_route=\/wp\/v2\/users\/2"}],"replies":[{"embeddable":true,"href":"https:\/\/hiserca.com\/index.php?rest_route=%2Fwp%2Fv2%2Fcomments&post=57"}],"version-history":[{"count":3,"href":"https:\/\/hiserca.com\/index.php?rest_route=\/wp\/v2\/pages\/57\/revisions"}],"predecessor-version":[{"id":104,"href":"https:\/\/hiserca.com\/index.php?rest_route=\/wp\/v2\/pages\/57\/revisions\/104"}],"wp:attachment":[{"href":"https:\/\/hiserca.com\/index.php?rest_route=%2Fwp%2Fv2%2Fmedia&parent=57"}],"curies":[{"name":"wp","href":"https:\/\/api.w.org\/{rel}","templated":true}]}}